{"id":9,"date":"2023-09-26T20:27:29","date_gmt":"2023-09-26T23:27:29","guid":{"rendered":"https:\/\/confrapar.com.br\/es\/?page_id=9"},"modified":"2025-10-13T12:09:09","modified_gmt":"2025-10-13T15:09:09","slug":"gestora","status":"publish","type":"page","link":"https:\/\/confrapar.com.br\/es\/gestora\/","title":{"rendered":"Gestora"},"content":{"rendered":"\r\n<div class=\"flex-1 overflow-hidden @container\/thread\">\r\n<div class=\"h-full\">\r\n<div class=\"react-scroll-to-bottom--css-xmlaw-79elbk h-full\">\r\n<div class=\"react-scroll-to-bottom--css-xmlaw-1n7m0yu\">\r\n<div class=\"flex flex-col text-sm md:pb-9\">\r\n<article class=\"w-full text-token-text-primary focus-visible:outline-2 focus-visible:outline-offset-[-4px]\" dir=\"auto\" data-testid=\"conversation-turn-11\" data-scroll-anchor=\"true\">\r\n<div class=\"m-auto text-base py-[18px] px-3 md:px-4 w-full md:px-5 lg:px-4 xl:px-5\">\r\n<div class=\"mx-auto flex flex-1 gap-4 text-base md:gap-5 lg:gap-6 md:max-w-3xl lg:max-w-[40rem] xl:max-w-[48rem]\">\r\n<div class=\"group\/conversation-turn relative flex w-full min-w-0 flex-col agent-turn\">\r\n<div class=\"flex-col gap-1 md:gap-3\">\r\n<div class=\"flex max-w-full flex-col flex-grow\">\r\n<div class=\"min-h-8 text-message flex w-full flex-col items-end gap-2 whitespace-normal break-words text-start [.text-message+&amp;]:mt-5\" dir=\"auto\" data-message-author-role=\"assistant\" data-message-id=\"7e12dfd3-11cb-44d0-bf17-f07ec4b7084c\" data-message-model-slug=\"gpt-4o\">\r\n<div class=\"flex w-full flex-col gap-1 empty:hidden first:pt-[3px]\">\r\n<div class=\"markdown prose w-full break-words dark:prose-invert light\">\r\n<p><a href=\"https:\/\/confrapar.com.br\/es\/\">Confrapar<\/a> es uno de los principales inversores de <strong>Growth Equity<\/strong> en Am\u00e9rica Latina, con <strong>BRL 1.000 millones<\/strong> <strong>en activos bajo gesti\u00f3n<\/strong> y oficinas en <strong>S\u00e3o Paulo, R\u00edo de Janeiro, Belo Horizonte, Ciudad de M\u00e9xico, Bogot\u00e1 y Miami<\/strong>. Desde 2009, su equipo de gesti\u00f3n ha aplicado con \u00e9xito la misma estrategia, realizando inversiones de crecimiento con valor agregado en <strong>29 empresas habilitadas por tecnolog\u00eda<\/strong> y obteniendo rendimientos consistentes en el <strong>primer cuartil<\/strong> a lo largo del per\u00edodo.<\/p>\r\n<\/div>\r\n<\/div>\r\n<\/div>\r\n<\/div>\r\n<\/div>\r\n<\/div>\r\n<\/div>\r\n<\/div>\r\n<\/article>\r\n<\/div>\r\n<\/div>\r\n<\/div>\r\n<\/div>\r\n<\/div>\r\n<p>Los <strong>Managing Partners de Confrapar<\/strong> comprenden los desaf\u00edos y oportunidades \u00fanicas del ecosistema tecnol\u00f3gico de Am\u00e9rica Latina. Aprovechan su <strong>conocimiento local y alcance global<\/strong> para identificar, desarrollar y realizar desinversiones en empresas de alto crecimiento, generando rendimientos superiores al mercado. Con la <strong>tecnolog\u00eda como n\u00facleo<\/strong> de su estrategia y ejecuci\u00f3n, Confrapar lidera inversiones en empresas de r\u00e1pido crecimiento enfocadas en Am\u00e9rica Latina, que presentan <strong>s\u00f3lidos fundamentos econ\u00f3micos, modelos de negocio escalables y un fuerte inter\u00e9s en trabajar de manera colaborativa con capital estrat\u00e9gico y apoyo de valor agregado.<\/strong><\/p>\r\n<p>En los \u00faltimos 15 a\u00f1os, Confrapar ha construido un equipo local altamente especializado en Am\u00e9rica Latina, que interact\u00faa con su exclusiva red global de <strong>Operating Partners<\/strong>. Este ecosistema permite la <strong>selecci\u00f3n rigurosa de empresas<\/strong> y el apoyo necesario para <strong>expandir sus operaciones, impulsar el crecimiento o ingresar a nuevos mercados<\/strong>, con un enfoque en la <strong>expansi\u00f3n regional y opciones estrat\u00e9gicas de salida<\/strong> para la cartera. Adem\u00e1s, Confrapar ha desarrollado una base <strong>sostenible de inversores (LPs)<\/strong> compuesta por instituciones de Am\u00e9rica Latina, Estados Unidos y Europa, que incluyen <strong>organismos de fomento (DFIs), inversores institucionales, fondos de fondos y family offices.<\/strong><\/p>\r\n\r\n\r\n\r\n<h2 class=\"wp-block-heading\"><strong>Historia de Confrapar<\/strong><\/h2>\r\n\r\n\r\n\r\n<h4 class=\"wp-block-heading\">\u201cconfraria\u201d<\/h4>\r\n\r\n\r\n\r\n<p><em><em>Sustantivo femenino. Origen en lat\u00edn<\/em><\/em><\/p>\r\n\r\n\r\n\r\n<ol class=\"wp-block-list\">\r\n<li>combinaci\u00f3n de los t\u00e9rminos latinos \u00abcom\u00bb, que significa \u00ab<strong>junto<\/strong>\u00ab, y \u00abfrater\u00bb, que significa \u00ab<strong>hermano<\/strong>\u00ab.<\/li>\r\n\r\n\r\n\r\n<li><strong>fraternidad<\/strong>, una asociaci\u00f3n de personas unidas por un inter\u00e9s o caracter\u00edstica com\u00fan, que puede ser una asociaci\u00f3n de individuos que ejercen la misma profesi\u00f3n.<\/li>\r\n<\/ol>\r\n\r\n\r\n\r\n<p>La gestora, por su parte, naci\u00f3 de la firme convicci\u00f3n de que <strong>la tecnolog\u00eda tiene un poder transformador<\/strong> capaz de impulsar mejoras <strong>sociales y econ\u00f3micas<\/strong> en los mercados emergentes. Fundada en 2009, su origen se remonta a la exitosa inversi\u00f3n y venta de la empresa Takenet al grupo japon\u00e9s Faith Inc.<\/p>\r\n\r\n\r\n\r\n<p>Desde sus inicios, la gestora se ha basado en s\u00f3lidos principios de \u00c9tica y Gobierno Corporativo. Confrapar realiza auditor\u00edas anuales y mantiene una Junta Directiva de alto nivel, garantizando transparencia y responsabilidad en todas sus operaciones. Este enfoque comprometido con los valores \u00e9ticos refleja la esencia de la palabra \u201cconfraria\u201d, reuniendo a profesionales con visiones y objetivos comunes en busca de un futuro mejor.<\/p>\r\n\r\n\r\n\r\n<h2 class=\"wp-block-heading\"><strong>Misi\u00f3n y Visi\u00f3n<\/strong><\/h2>\r\n\r\n\r\n\r\n<p>Nuestra misi\u00f3n es maximizar el valor para los inversores, aplicando nuestra experiencia emprendedora para atraer a los mejores fundadores y desarrollar los negocios m\u00e1s prometedores, siempre con un s\u00f3lido compromiso con pr\u00e1cticas sostenibles y responsables.<\/p>\r\n\r\n\r\n\r\n<p>Nuestra visi\u00f3n es ser la principal gestora de fondos de inversi\u00f3n en tecnolog\u00eda en Am\u00e9rica Latina, liderando no solo en resultados financieros, sino tambi\u00e9n en un impacto positivo en los \u00e1mbitos ambiental, social y de gobernanza.<\/p>\r\n\r\n\r\n\r\n<h2 class=\"wp-block-heading\"><strong>Valores<\/strong><\/h2>\r\n\r\n\r\n\r\n<p>En Confrapar, nuestros valores son la base de nuestra actuaci\u00f3n. Incluyen transparencia, integridad, meritocracia, esp\u00edritu empresarial y excelencia. Creemos que la tecnolog\u00eda es una herramienta poderosa para impulsar mejoras sociales y crear valor para los inversores en los mercados emergentes. Estamos comprometidos a defender estos valores en todas nuestras actividades, contribuyendo as\u00ed a un mundo m\u00e1s sostenible e inclusivo.<\/p>\r\n\r\n\r\n\r\n<h2 class=\"wp-block-heading\"><strong>Visi\u00f3n ESG para el Futuro<\/strong><\/h2>\r\n\r\n\r\n\r\n<p>En Confrapar, nuestro compromiso con los principios Ambientales, Sociales y de Gobierno (ESG) va m\u00e1s all\u00e1 de ser una simple directriz; es la representaci\u00f3n de nuestros valores centrales que dan forma tanto a nuestras estrategias de inversi\u00f3n como a nuestras operaciones diarias. El ESG est\u00e1 intr\u00ednsecamente entrelazado en nuestro ethos, reflejando nuestra dedicaci\u00f3n a pr\u00e1cticas comerciales sostenibles y responsables.<\/p>\r\n\r\n\r\n\r\n<p>Adem\u00e1s de las inversiones externas, nuestro compromiso con el ESG se refleja dentro de nuestras propias paredes. Nuestro enfoque en cultivar un entorno din\u00e1mico e inclusivo garantiza que cada miembro del equipo se sienta valorado, empoderado y fundamental para nuestra misi\u00f3n. Esta alineaci\u00f3n interna, donde defendemos el trato equitativo y un ambiente de trabajo positivo, sirve como testimonio de nuestro enfoque hol\u00edstico hacia la sostenibilidad.<\/p>\r\n\r\n\r\n\r\n<p>\u00danase a nosotros en nuestro viaje ESG, donde no solo imaginamos, sino que tambi\u00e9n creamos activamente un plan para la inversi\u00f3n responsable, preparando el escenario para un futuro m\u00e1s brillante y sostenible para todos.<\/p>\r\n\r\n\r\n<hr class=\"wp-block-separator has-alpha-channel-opacity\" \/>\r\n\r\n\r\n<p>Este sitio tiene como \u00fanico prop\u00f3sito divulgar informaci\u00f3n institucional de la gestora Confrapar Administra\u00e7\u00e3o e Gest\u00e3o de Recursos S\/A. No debe considerarse como una oferta para la venta de cuotas de fondos y\/o carteras de inversi\u00f3n ni de cualquier t\u00edtulo o valor mobiliario y no constituye el prospecto previsto en la Resoluci\u00f3n CVM 175\/22.<\/p>\r\n\r\n\r\n\r\n<p>Los fondos de inversi\u00f3n no cuentan con la garant\u00eda del administrador del fondo, del gestor de la cartera, de ning\u00fan mecanismo de seguro ni del Fondo Garantizador de Cr\u00e9ditos (FGC). La rentabilidad obtenida en el pasado no representa garant\u00eda de rentabilidad futura. Se recomienda al inversor la lectura cuidadosa del prospecto, el formulario de informaci\u00f3n, la hoja de informaci\u00f3n esencial y el reglamento del fondo de inversi\u00f3n antes de aplicar sus recursos.<\/p>\r\n","protected":false},"excerpt":{"rendered":"<p>Confrapar es uno de los principales inversores de Growth Equity en Am\u00e9rica Latina, con BRL 1.000 millones en activos bajo gesti\u00f3n y oficinas en S\u00e3o Paulo, R\u00edo de Janeiro, Belo [&hellip;]<\/p>\n","protected":false},"author":14,"featured_media":0,"parent":0,"menu_order":13,"comment_status":"closed","ping_status":"closed","template":"page-templates\/page-default.php","meta":{"_acf_changed":false,"footnotes":""},"class_list":["post-9","page","type-page","status-publish","hentry"],"acf":[],"aioseo_notices":[],"_links":{"self":[{"href":"https:\/\/confrapar.com.br\/es\/wp-json\/wp\/v2\/pages\/9","targetHints":{"allow":["GET"]}}],"collection":[{"href":"https:\/\/confrapar.com.br\/es\/wp-json\/wp\/v2\/pages"}],"about":[{"href":"https:\/\/confrapar.com.br\/es\/wp-json\/wp\/v2\/types\/page"}],"author":[{"embeddable":true,"href":"https:\/\/confrapar.com.br\/es\/wp-json\/wp\/v2\/users\/14"}],"replies":[{"embeddable":true,"href":"https:\/\/confrapar.com.br\/es\/wp-json\/wp\/v2\/comments?post=9"}],"version-history":[{"count":1,"href":"https:\/\/confrapar.com.br\/es\/wp-json\/wp\/v2\/pages\/9\/revisions"}],"predecessor-version":[{"id":6050,"href":"https:\/\/confrapar.com.br\/es\/wp-json\/wp\/v2\/pages\/9\/revisions\/6050"}],"wp:attachment":[{"href":"https:\/\/confrapar.com.br\/es\/wp-json\/wp\/v2\/media?parent=9"}],"curies":[{"name":"wp","href":"https:\/\/api.w.org\/{rel}","templated":true}]}}