{"id":70,"date":"2018-12-13T16:02:50","date_gmt":"2018-12-13T18:02:50","guid":{"rendered":"https:\/\/confrapar.com.br\/es\/?page_id=70"},"modified":"2025-01-13T11:38:32","modified_gmt":"2025-01-13T14:38:32","slug":"contacto","status":"publish","type":"page","link":"https:\/\/confrapar.com.br\/es\/contacto\/","title":{"rendered":"Contacto"},"content":{"rendered":"\r\n<p>Cont\u00e1ctenos a trav\u00e9s de uno de los siguientes correos electr\u00f3nicos:<\/p>\r\n\r\n\r\n\r\n<p>Comunicaci\u00f3n: <a title=\"\" href=\"mailto:comunicacao@confrapar.com.br\" target=\"_blank\" rel=\"noopener nofollow sponsored\"><strong>comunicacao@confrapar.com.br<\/strong><\/a><\/p>\r\n\r\n\r\n\r\n<p>Administraci\u00f3n Financiera: <a title=\"\" href=\"mailto:financeiro@confrapar.com.br\" target=\"_blank\" rel=\"noopener nofollow sponsored ugc\"><strong>financeiro@confrapar.com.br<\/strong><\/a><\/p>\r\n\r\n\r\n\r\n<p>Inversores: <a title=\"ri@confrapar.com.br\" href=\"mailto:ri@confrapar.com.br\" target=\"_blank\" rel=\"noopener nofollow sponsored ugc\"><strong>ri@confrapar.com.br<\/strong><\/a><\/p>\r\n\r\n\r\n\r\n<h4><strong>Direcci\u00f3n de la Sede<\/strong><\/h4>\r\n<p>Av. Brig. Faria Lima, 3144\u00a0<br \/>Jardim Paulistano<br \/>S\u00e3o Paulo \u2013 SP, 01451-000<\/p>\r\n","protected":false},"excerpt":{"rendered":"<p>Cont\u00e1ctenos a trav\u00e9s de uno de los siguientes correos electr\u00f3nicos: Comunicaci\u00f3n: comunicacao@confrapar.com.br Administraci\u00f3n Financiera: financeiro@confrapar.com.br Inversores: ri@confrapar.com.br Direcci\u00f3n de la Sede Av. Brig. Faria Lima, 3144\u00a0Jardim PaulistanoS\u00e3o Paulo \u2013 SP, [&hellip;]<\/p>\n","protected":false},"author":2,"featured_media":0,"parent":0,"menu_order":4,"comment_status":"closed","ping_status":"closed","template":"page-templates\/page-contato.php","meta":{"_acf_changed":false,"footnotes":""},"class_list":["post-70","page","type-page","status-publish","hentry"],"acf":[],"aioseo_notices":[],"_links":{"self":[{"href":"https:\/\/confrapar.com.br\/es\/wp-json\/wp\/v2\/pages\/70","targetHints":{"allow":["GET"]}}],"collection":[{"href":"https:\/\/confrapar.com.br\/es\/wp-json\/wp\/v2\/pages"}],"about":[{"href":"https:\/\/confrapar.com.br\/es\/wp-json\/wp\/v2\/types\/page"}],"author":[{"embeddable":true,"href":"https:\/\/confrapar.com.br\/es\/wp-json\/wp\/v2\/users\/2"}],"replies":[{"embeddable":true,"href":"https:\/\/confrapar.com.br\/es\/wp-json\/wp\/v2\/comments?post=70"}],"version-history":[{"count":0,"href":"https:\/\/confrapar.com.br\/es\/wp-json\/wp\/v2\/pages\/70\/revisions"}],"wp:attachment":[{"href":"https:\/\/confrapar.com.br\/es\/wp-json\/wp\/v2\/media?parent=70"}],"curies":[{"name":"wp","href":"https:\/\/api.w.org\/{rel}","templated":true}]}}