{"id":2,"date":"2018-11-14T11:18:52","date_gmt":"2018-11-14T13:18:52","guid":{"rendered":"https:\/\/confrapar.com.br\/es\/?page_id=2"},"modified":"2025-01-08T12:09:05","modified_gmt":"2025-01-08T15:09:05","slug":"homepage-confrapar-es","status":"publish","type":"page","link":"https:\/\/confrapar.com.br\/es\/","title":{"rendered":"Homepage"},"content":{"rendered":"\r\n<p>Invertimos en empresas que utilizan la tecnolog\u00eda para impactar en sectores esenciales. Buscamos empresas de Am\u00e9rica Latina con altos m\u00e1rgenes, modelos de negocio probados y escalables, con potencial para crecer y entrar en nuevos mercados.<\/p>\r\n","protected":false},"excerpt":{"rendered":"<p>Invertimos en empresas que utilizan la tecnolog\u00eda para impactar en sectores esenciales. Buscamos empresas de Am\u00e9rica Latina con altos m\u00e1rgenes, modelos de negocio probados y escalables, con potencial para crecer [&hellip;]<\/p>\n","protected":false},"author":1,"featured_media":4938,"parent":0,"menu_order":14,"comment_status":"closed","ping_status":"closed","template":"page-templates\/page-homepage.php","meta":{"_acf_changed":false,"footnotes":""},"class_list":["post-2","page","type-page","status-publish","has-post-thumbnail","hentry"],"acf":[],"aioseo_notices":[],"_links":{"self":[{"href":"https:\/\/confrapar.com.br\/es\/wp-json\/wp\/v2\/pages\/2","targetHints":{"allow":["GET"]}}],"collection":[{"href":"https:\/\/confrapar.com.br\/es\/wp-json\/wp\/v2\/pages"}],"about":[{"href":"https:\/\/confrapar.com.br\/es\/wp-json\/wp\/v2\/types\/page"}],"author":[{"embeddable":true,"href":"https:\/\/confrapar.com.br\/es\/wp-json\/wp\/v2\/users\/1"}],"replies":[{"embeddable":true,"href":"https:\/\/confrapar.com.br\/es\/wp-json\/wp\/v2\/comments?post=2"}],"version-history":[{"count":0,"href":"https:\/\/confrapar.com.br\/es\/wp-json\/wp\/v2\/pages\/2\/revisions"}],"wp:featuredmedia":[{"embeddable":true,"href":"https:\/\/confrapar.com.br\/es\/wp-json\/wp\/v2\/media\/4938"}],"wp:attachment":[{"href":"https:\/\/confrapar.com.br\/es\/wp-json\/wp\/v2\/media?parent=2"}],"curies":[{"name":"wp","href":"https:\/\/api.w.org\/{rel}","templated":true}]}}