{"id":19,"date":"2018-12-12T13:25:20","date_gmt":"2018-12-12T15:25:20","guid":{"rendered":"https:\/\/confrapar.com.br\/es\/?page_id=19"},"modified":"2026-01-28T16:53:38","modified_gmt":"2026-01-28T19:53:38","slug":"governanca","status":"publish","type":"page","link":"https:\/\/confrapar.com.br\/es\/relacao-com-investidores\/governanca\/","title":{"rendered":"Gobernancia"},"content":{"rendered":"<p data-start=\"123\" data-end=\"217\">Las pol\u00edticas de gobernanza aqu\u00ed presentadas son aplicables al Grupo Confrapar, compuesto por:<\/p>\n<p data-start=\"219\" data-end=\"398\">Confrapar Administraci\u00f3n y Gesti\u00f3n de Recursos S\/A (\u201cConfrapar\u201d), SPE Confrapar Administraci\u00f3n y Gesti\u00f3n de Recursos S.A. (\u201cSPE Confrapar\u201d) y Confrapar REP S.A. (\u201cConfrapar REP\u201d).<\/p>\n","protected":false},"excerpt":{"rendered":"<p>Las pol\u00edticas de gobernanza aqu\u00ed presentadas son aplicables al Grupo Confrapar, compuesto por: Confrapar Administraci\u00f3n y Gesti\u00f3n de Recursos S\/A (\u201cConfrapar\u201d), SPE Confrapar Administraci\u00f3n y Gesti\u00f3n de Recursos S.A. (\u201cSPE [&hellip;]<\/p>\n","protected":false},"author":1,"featured_media":0,"parent":16,"menu_order":8,"comment_status":"closed","ping_status":"closed","template":"page-templates\/page-governanca.php","meta":{"_acf_changed":false,"footnotes":""},"class_list":["post-19","page","type-page","status-publish","hentry"],"acf":[],"aioseo_notices":[],"_links":{"self":[{"href":"https:\/\/confrapar.com.br\/es\/wp-json\/wp\/v2\/pages\/19","targetHints":{"allow":["GET"]}}],"collection":[{"href":"https:\/\/confrapar.com.br\/es\/wp-json\/wp\/v2\/pages"}],"about":[{"href":"https:\/\/confrapar.com.br\/es\/wp-json\/wp\/v2\/types\/page"}],"author":[{"embeddable":true,"href":"https:\/\/confrapar.com.br\/es\/wp-json\/wp\/v2\/users\/1"}],"replies":[{"embeddable":true,"href":"https:\/\/confrapar.com.br\/es\/wp-json\/wp\/v2\/comments?post=19"}],"version-history":[{"count":6,"href":"https:\/\/confrapar.com.br\/es\/wp-json\/wp\/v2\/pages\/19\/revisions"}],"predecessor-version":[{"id":6100,"href":"https:\/\/confrapar.com.br\/es\/wp-json\/wp\/v2\/pages\/19\/revisions\/6100"}],"up":[{"embeddable":true,"href":"https:\/\/confrapar.com.br\/es\/wp-json\/wp\/v2\/pages\/16"}],"wp:attachment":[{"href":"https:\/\/confrapar.com.br\/es\/wp-json\/wp\/v2\/media?parent=19"}],"curies":[{"name":"wp","href":"https:\/\/api.w.org\/{rel}","templated":true}]}}